{"id":1038,"date":"2024-11-09T04:23:28","date_gmt":"2024-11-09T04:23:28","guid":{"rendered":"http:\/\/wp.parkamseenattika.com\/?page_id=1038"},"modified":"2024-12-13T12:46:35","modified_gmt":"2024-12-13T12:46:35","slug":"cancellation-policy","status":"publish","type":"page","link":"https:\/\/gileaddigital.com\/nattika\/cancellation-policy\/","title":{"rendered":"Stornierungsbedingungen"},"content":{"rendered":"&nbsp;\r\n\r\n<section class=\"site-section\">\r\n<div class=\"container\">\r\n<div class=\"row align-items-center\">\r\n<div class=\"col-md-12\">\r\n<div class=\"heading-wrap element-animate\">\r\n\r\n<p align=\"justify\">Stornierungsbedingungen f\u00fcr <a href=\"\/ayurveda-urlaub-externe-gaste-dienstleistungen\/\">Ayurveda-G\u00e4ste und Ayurveda-Vertreter<\/a>\r\nEs ist uns bewusst, dass das Leben unvorhersehbare Wendungen nehmen kann. Aus diesem Grund bieten wir folgende Stornierungsbedingungen f\u00fcr unsere Ayurveda-G\u00e4ste und -Vertreter an, um sowohl Ihren Interessen als auch denen unseres Hauses gerecht zu werden:\r\n\r\n<\/p>\r\n\r\n<ul>\r\n \t<li><b>Stornierung bis 30 Tage vor Anreise:<\/b>\r\nEine Stornierungsgeb\u00fchr in H\u00f6he von 20% des Buchungsbetrags wird f\u00e4llig.\r\nBei Stornierung aus triftigen Gr\u00fcnden behalten Sie diesen Betrag als Guthaben, das Sie innerhalb eines Jahres f\u00fcr eine neue Buchung in unserem Haus nutzen k\u00f6nnen.<\/li>\r\n \t<li><b>Stornierung zwischen 29 und 11 Tage vor Anreise:<\/b>Es werden 50% des gesamten Buchungsbetrags als Stornogeb\u00fchr erhoben.<\/li>\r\n \t<li><b>Stornierung zwischen 10 und 4 Tagen vor Anreise:<\/b>Es werden 75% des gesamten Buchungsbetrags als Stornogeb\u00fchr berechnet.<\/li>\r\n \t<li><b>Stornierung innerhalb der letzten 3 Tage vor dem geplanten Ankunftsdatum:<\/b>Es fallen Stornogeb\u00fchren in H\u00f6he von 85% des Rechnungsbetrags an.<\/li>\r\n \t<li><b>Stornierung nach Ankunft oder bei vorzeitiger Abreise:<\/b>Bei Abbruch nach bereits erfolgter Anreise oder bei einer vorzeitigen Abreise bel\u00e4uft sich die Stornogeb\u00fchr auf 100% des Buchungsbetrags.<\/li>\r\n<\/ul>\r\nBitte beachten Sie, dass diese Bedingungen dazu beitragen, die Verf\u00fcgbarkeit unserer spezialisierten Dienstleistungen und Unterk\u00fcnfte zu regeln und sicherzustellen, dass wir weiterhin hochwertige Ayurveda-Erlebnisse anbieten k\u00f6nnen. Wir empfehlen unseren G\u00e4sten und Vertretern, eine Reiser\u00fccktrittsversicherung abzuschlie\u00dfen, um sich gegen unerwartete Ereignisse abzusichern.\r\nSollten Sie weitere Fragen zu unseren Stornierungsrichtlinien haben, stehen wir Ihnen gerne zur Verf\u00fcgung. Wir bedanken uns f\u00fcr Ihr Verst\u00e4ndnis und hoffen, Ihnen bald ein regenerierendes Ayurveda-Erlebnis bieten zu d\u00fcrfen.\r\n\r\n<\/div>\r\n<\/div>\r\n<\/div>\r\n<\/div>\r\n<\/section><!-- END section -->","protected":false},"excerpt":{"rendered":"&nbsp; Stornierungsbedingungen f\u00fcr Ayurveda-G\u00e4ste und Ayurveda-Vertreter Es ist uns bewusst, dass das Leben unvorhersehbare Wendungen nehmen kann. Aus diesem Grund bieten wir folgende Stornierungsbedingungen f\u00fcr unsere Ayurveda-G\u00e4ste und -Vertreter an, um sowohl Ihren Interessen als auch denen unseres Hauses gerecht zu werden: Stornierung bis 30 Tage vor Anreise: Eine Stornierungsgeb\u00fchr in H\u00f6he von 20% des [&hellip;]","protected":false},"author":1,"featured_media":0,"parent":0,"menu_order":0,"comment_status":"closed","ping_status":"closed","template":"","meta":{"footnotes":""},"class_list":["post-1038","page","type-page","status-publish","hentry"],"yoast_head":"<!-- This site is optimized with the Yoast SEO plugin v27.4 - https:\/\/yoast.com\/product\/yoast-seo-wordpress\/ -->\n<title>Stornierungsbedingungen | Buchungsinformationen<\/title>\n<meta name=\"description\" content=\"Erfahren Sie mehr \u00fcber unsere Stornierungsbedingungen. Entspannen Sie im Park Am See Nattika: Ayurveda Retreat und Wellness-Center.\" \/>\n<meta name=\"robots\" content=\"index, follow, max-snippet:-1, max-image-preview:large, max-video-preview:-1\" \/>\n<link rel=\"canonical\" href=\"https:\/\/gileaddigital.com\/nattika\/cancellation-policy\/\" \/>\n<meta property=\"og:locale\" content=\"en_US\" \/>\n<meta property=\"og:type\" content=\"article\" \/>\n<meta property=\"og:title\" content=\"Stornierungsbedingungen | Buchungsinformationen\" \/>\n<meta property=\"og:description\" content=\"Erfahren Sie mehr \u00fcber unsere Stornierungsbedingungen. Entspannen Sie im Park Am See Nattika: Ayurveda Retreat und Wellness-Center.\" \/>\n<meta property=\"og:url\" content=\"https:\/\/gileaddigital.com\/nattika\/cancellation-policy\/\" \/>\n<meta property=\"og:site_name\" content=\"Park Am See Nattika\" \/>\n<meta property=\"article:publisher\" content=\"https:\/\/www.facebook.com\/profile.php?id=61553061548393&amp;mibextid=ZbWKwL\" \/>\n<meta property=\"article:modified_time\" content=\"2024-12-13T12:46:35+00:00\" \/>\n<meta name=\"twitter:card\" content=\"summary_large_image\" \/>\n<meta name=\"twitter:label1\" content=\"Est. reading time\" \/>\n\t<meta name=\"twitter:data1\" content=\"2 minutes\" \/>\n<script type=\"application\/ld+json\" class=\"yoast-schema-graph\">{\"@context\":\"https:\\\/\\\/schema.org\",\"@graph\":[{\"@type\":\"WebPage\",\"@id\":\"https:\\\/\\\/gileaddigital.com\\\/nattika\\\/cancellation-policy\\\/\",\"url\":\"https:\\\/\\\/gileaddigital.com\\\/nattika\\\/cancellation-policy\\\/\",\"name\":\"Stornierungsbedingungen | Buchungsinformationen\",\"isPartOf\":{\"@id\":\"https:\\\/\\\/gileaddigital.com\\\/nattika\\\/#website\"},\"datePublished\":\"2024-11-09T04:23:28+00:00\",\"dateModified\":\"2024-12-13T12:46:35+00:00\",\"description\":\"Erfahren Sie mehr \u00fcber unsere Stornierungsbedingungen. Entspannen Sie im Park Am See Nattika: Ayurveda Retreat und Wellness-Center.\",\"breadcrumb\":{\"@id\":\"https:\\\/\\\/gileaddigital.com\\\/nattika\\\/cancellation-policy\\\/#breadcrumb\"},\"inLanguage\":\"en-US\",\"potentialAction\":[{\"@type\":\"ReadAction\",\"target\":[\"https:\\\/\\\/gileaddigital.com\\\/nattika\\\/cancellation-policy\\\/\"]}]},{\"@type\":\"BreadcrumbList\",\"@id\":\"https:\\\/\\\/gileaddigital.com\\\/nattika\\\/cancellation-policy\\\/#breadcrumb\",\"itemListElement\":[{\"@type\":\"ListItem\",\"position\":1,\"name\":\"Home\",\"item\":\"https:\\\/\\\/gileaddigital.com\\\/nattika\\\/\"},{\"@type\":\"ListItem\",\"position\":2,\"name\":\"Stornierungsbedingungen\"}]},{\"@type\":\"WebSite\",\"@id\":\"https:\\\/\\\/gileaddigital.com\\\/nattika\\\/#website\",\"url\":\"https:\\\/\\\/gileaddigital.com\\\/nattika\\\/\",\"name\":\"Park Am See Nattika\",\"description\":\"Ayurveda Kur in Deutschland - Authentisches Retreat Park am See\",\"publisher\":{\"@id\":\"https:\\\/\\\/gileaddigital.com\\\/nattika\\\/#organization\"},\"potentialAction\":[{\"@type\":\"SearchAction\",\"target\":{\"@type\":\"EntryPoint\",\"urlTemplate\":\"https:\\\/\\\/gileaddigital.com\\\/nattika\\\/?s={search_term_string}\"},\"query-input\":{\"@type\":\"PropertyValueSpecification\",\"valueRequired\":true,\"valueName\":\"search_term_string\"}}],\"inLanguage\":\"en-US\"},{\"@type\":\"Organization\",\"@id\":\"https:\\\/\\\/gileaddigital.com\\\/nattika\\\/#organization\",\"name\":\"Park Am See Nattika\",\"url\":\"https:\\\/\\\/gileaddigital.com\\\/nattika\\\/\",\"logo\":{\"@type\":\"ImageObject\",\"inLanguage\":\"en-US\",\"@id\":\"https:\\\/\\\/gileaddigital.com\\\/nattika\\\/#\\\/schema\\\/logo\\\/image\\\/\",\"url\":\"https:\\\/\\\/gileaddigital.com\\\/nattika\\\/wp-content\\\/uploads\\\/2024\\\/12\\\/favicon-png.webp\",\"contentUrl\":\"https:\\\/\\\/gileaddigital.com\\\/nattika\\\/wp-content\\\/uploads\\\/2024\\\/12\\\/favicon-png.webp\",\"width\":32,\"height\":32,\"caption\":\"Park Am See Nattika\"},\"image\":{\"@id\":\"https:\\\/\\\/gileaddigital.com\\\/nattika\\\/#\\\/schema\\\/logo\\\/image\\\/\"},\"sameAs\":[\"https:\\\/\\\/www.facebook.com\\\/profile.php?id=61553061548393&mibextid=ZbWKwL\",\"https:\\\/\\\/www.instagram.com\\\/park.am.see.nattika\\\/\",\"https:\\\/\\\/www.youtube.com\\\/watch?v=dD89haX2moo\"]}]}<\/script>\n<!-- \/ Yoast SEO plugin. -->","yoast_head_json":{"title":"Stornierungsbedingungen | Buchungsinformationen","description":"Erfahren Sie mehr \u00fcber unsere Stornierungsbedingungen. Entspannen Sie im Park Am See Nattika: Ayurveda Retreat und Wellness-Center.","robots":{"index":"index","follow":"follow","max-snippet":"max-snippet:-1","max-image-preview":"max-image-preview:large","max-video-preview":"max-video-preview:-1"},"canonical":"https:\/\/gileaddigital.com\/nattika\/cancellation-policy\/","og_locale":"en_US","og_type":"article","og_title":"Stornierungsbedingungen | Buchungsinformationen","og_description":"Erfahren Sie mehr \u00fcber unsere Stornierungsbedingungen. Entspannen Sie im Park Am See Nattika: Ayurveda Retreat und Wellness-Center.","og_url":"https:\/\/gileaddigital.com\/nattika\/cancellation-policy\/","og_site_name":"Park Am See Nattika","article_publisher":"https:\/\/www.facebook.com\/profile.php?id=61553061548393&mibextid=ZbWKwL","article_modified_time":"2024-12-13T12:46:35+00:00","twitter_card":"summary_large_image","twitter_misc":{"Est. reading time":"2 minutes"},"schema":{"@context":"https:\/\/schema.org","@graph":[{"@type":"WebPage","@id":"https:\/\/gileaddigital.com\/nattika\/cancellation-policy\/","url":"https:\/\/gileaddigital.com\/nattika\/cancellation-policy\/","name":"Stornierungsbedingungen | Buchungsinformationen","isPartOf":{"@id":"https:\/\/gileaddigital.com\/nattika\/#website"},"datePublished":"2024-11-09T04:23:28+00:00","dateModified":"2024-12-13T12:46:35+00:00","description":"Erfahren Sie mehr \u00fcber unsere Stornierungsbedingungen. Entspannen Sie im Park Am See Nattika: Ayurveda Retreat und Wellness-Center.","breadcrumb":{"@id":"https:\/\/gileaddigital.com\/nattika\/cancellation-policy\/#breadcrumb"},"inLanguage":"en-US","potentialAction":[{"@type":"ReadAction","target":["https:\/\/gileaddigital.com\/nattika\/cancellation-policy\/"]}]},{"@type":"BreadcrumbList","@id":"https:\/\/gileaddigital.com\/nattika\/cancellation-policy\/#breadcrumb","itemListElement":[{"@type":"ListItem","position":1,"name":"Home","item":"https:\/\/gileaddigital.com\/nattika\/"},{"@type":"ListItem","position":2,"name":"Stornierungsbedingungen"}]},{"@type":"WebSite","@id":"https:\/\/gileaddigital.com\/nattika\/#website","url":"https:\/\/gileaddigital.com\/nattika\/","name":"Park Am See Nattika","description":"Ayurveda Kur in Deutschland - Authentisches Retreat Park am See","publisher":{"@id":"https:\/\/gileaddigital.com\/nattika\/#organization"},"potentialAction":[{"@type":"SearchAction","target":{"@type":"EntryPoint","urlTemplate":"https:\/\/gileaddigital.com\/nattika\/?s={search_term_string}"},"query-input":{"@type":"PropertyValueSpecification","valueRequired":true,"valueName":"search_term_string"}}],"inLanguage":"en-US"},{"@type":"Organization","@id":"https:\/\/gileaddigital.com\/nattika\/#organization","name":"Park Am See Nattika","url":"https:\/\/gileaddigital.com\/nattika\/","logo":{"@type":"ImageObject","inLanguage":"en-US","@id":"https:\/\/gileaddigital.com\/nattika\/#\/schema\/logo\/image\/","url":"https:\/\/gileaddigital.com\/nattika\/wp-content\/uploads\/2024\/12\/favicon-png.webp","contentUrl":"https:\/\/gileaddigital.com\/nattika\/wp-content\/uploads\/2024\/12\/favicon-png.webp","width":32,"height":32,"caption":"Park Am See Nattika"},"image":{"@id":"https:\/\/gileaddigital.com\/nattika\/#\/schema\/logo\/image\/"},"sameAs":["https:\/\/www.facebook.com\/profile.php?id=61553061548393&mibextid=ZbWKwL","https:\/\/www.instagram.com\/park.am.see.nattika\/","https:\/\/www.youtube.com\/watch?v=dD89haX2moo"]}]}},"lang":"de","translations":{"de":1038,"en":1204},"pll_sync_post":[],"_links":{"self":[{"href":"https:\/\/gileaddigital.com\/nattika\/wp-json\/wp\/v2\/pages\/1038","targetHints":{"allow":["GET"]}}],"collection":[{"href":"https:\/\/gileaddigital.com\/nattika\/wp-json\/wp\/v2\/pages"}],"about":[{"href":"https:\/\/gileaddigital.com\/nattika\/wp-json\/wp\/v2\/types\/page"}],"author":[{"embeddable":true,"href":"https:\/\/gileaddigital.com\/nattika\/wp-json\/wp\/v2\/users\/1"}],"replies":[{"embeddable":true,"href":"https:\/\/gileaddigital.com\/nattika\/wp-json\/wp\/v2\/comments?post=1038"}],"version-history":[{"count":5,"href":"https:\/\/gileaddigital.com\/nattika\/wp-json\/wp\/v2\/pages\/1038\/revisions"}],"predecessor-version":[{"id":3066,"href":"https:\/\/gileaddigital.com\/nattika\/wp-json\/wp\/v2\/pages\/1038\/revisions\/3066"}],"wp:attachment":[{"href":"https:\/\/gileaddigital.com\/nattika\/wp-json\/wp\/v2\/media?parent=1038"}],"curies":[{"name":"wp","href":"https:\/\/api.w.org\/{rel}","templated":true}]}}